{"id":30208,"date":"2023-06-02T11:19:57","date_gmt":"2023-06-02T09:19:57","guid":{"rendered":"https:\/\/www.ofima.ch\/privacy-policy\/"},"modified":"2024-05-22T09:21:54","modified_gmt":"2024-05-22T07:21:54","slug":"privacy-policy","status":"publish","type":"page","link":"https:\/\/www.ofima.ch\/de\/privacy-policy\/","title":{"rendered":"Privacy policy"},"content":{"rendered":"<div class=\"wpb-content-wrapper\"><p>[vc_row][vc_column]<div class=\"dfd-spacer-module\"  data-units=\"px\" data-wide_resolution=\"1280\" data-wide_size=\"150\" data-normal_resolution=\"1024\" data-normal_size=\"120\" data-tablet_resolution=\"800\" data-tablet_size=\"100\" data-mobile_resolution=\"480\" data-mobile_size=\"80\" style=\"height: 150px;\"><\/div>[\/vc_column][\/vc_row][vc_row][vc_column]<div class=\"dfd-heading-shortcode\"><div class=\"dfd-heading-module-wrap  text-left style_01 dfd-heading-69decc9b5468f dfd-disable-resposive-headings\" id=\"dfd-heading-69decc9b5468f\" ><div class=\"inline-block\"><div class=\"dfd-heading-module\"><h1 class=\"widget-title dfd-title \" style=\"\">Privacy policy<\/h1><\/div><\/div><\/div><script type=\"text\/javascript\">\r\n\t\t\t\t\t\t\t\t\t(function($) {\r\n\t\t\t\t\t\t\t\t\t\t$(\"head\").append(\"<style>.dfd-heading-69decc9b5468f .dfd-heading-module .widget-title {margin-bottom:25px;}.dfd-heading-69decc9b5468f.dfd-heading-module-wrap .dfd-heading-module .dfd-heading-delimiter {margin-top:10px;margin-bottom:10px;}@media (max-width: 799px){.dfd-heading-69decc9b5468f .dfd-title{font-size: 30px !important;letter-spacing: 0px !important;line-height: 36px !important;}}<\/style>\");\r\n\t\t\t\t\t\t\t\t\t})(jQuery);\r\n\t\t\t\t\t\t\t\t<\/script><\/div>[vc_column_text]Ai sensi della legge federale sulla protezione dei dati (nLPD) e ai sensi dell&#8217;art. 13 del regolamento (UE) N. 679\/2016 (\u201cGDPR\u201d), Officine Idroelettriche della Maggia SA &#8222;Ofima&#8220; (la \u201cSociet\u00e0\u201d o il \u201cTitolare\u201d), informa che i Dati personali forniti (\u201cDati\u201d) saranno trattati nel rispetto di quanto previsto dalla norma e in conformit\u00e0 all\u2019informativa che segue. La presente informativa, nello specifico, viene fornita in merito al trattamento dei Dati personali raccolti attraverso il sito di Ofima (tramite i suoi domini www.ofima.ch) a seguito della manifestazione di interesse per uno o pi\u00f9 prodotti o servizi offerti dalla Societ\u00e0.<\/p>\n<h5>01. Finalit\u00e0 e base giuridica del trattamento<\/h5>\n<p>I Dati saranno trattati per l\u2019invio \u2013 anche per e-mail tramite sistemi automatizzati \u2013 di comunicazioni contenenti informazioni relative al Titolare e alle attivit\u00e0 organizzate dal Titolare (come, per esempio, gli inviti a convegni ed in generale a eventi), nonch\u00e9 aggiornamenti e\/o materiale informativo di natura professionale o promozionale, quali per esempio sessioni di formazione, newsletter informative, iniziative, presentazioni, approfondimenti e aggiornamenti su materie attinenti alle attivit\u00e0 svolte dal Titolare, ivi incluse le attivit\u00e0 di profilazione per tali finalit\u00e0, allo scopo di personalizzare le iniziative di Ofima, tenendo conto delle specifiche aree di interesse segnalate dall\u2019utente.<\/p>\n<p>Il trattamento dei Dati per tale finalit\u00e0 richiede il consenso dell\u2019utente ai sensi dell\u2019art. 6, c. 1, lett. a) del GDPR.<\/p>\n<h5>02. Categorie di Dati trattati<\/h5>\n<p>Ofima tratter\u00e0 Dati identificativi e di contatto, come nome, cognome, indirizzo e-mail, nonch\u00e9 eventuali aree di interesse segnalate dall\u2019utente, attraverso gli appositi formulari online presenti nelle sezioni del sito di Ofima.<\/p>\n<h5>03. Sicurezza dei Dati<\/h5>\n<p>Per proteggere i Dati, Ofima adotta le misure previste dalle normative sulla protezione dei Dati, atte a prevenire abusi da parte di entit\u00e0 terze non autorizzate.<br \/>\nAltres\u00ec si avvale di fornitori in grado di garantire elevati standard di protezione:<\/p>\n<p>Infomaniak<\/p>\n<ul>\n<li>https:\/\/www.infomaniak.com\/it\/cgv\/regolamento-generale-protezione-dati<\/li>\n<\/ul>\n<p>Google<\/p>\n<ul>\n<li>https:\/\/safety.google\/security-privacy\/<\/li>\n<li>https:\/\/storage.googleapis.com\/gfw-touched-accounts-pdfs\/google-cloud-security-and-compliance-whitepaper.pdf<\/li>\n<\/ul>\n<p><a href=\"https:\/\/www.ofima.ch\/wp-content\/uploads\/2023\/09\/0.1_29_23_V09-2023__Protezione_dati_personali-informativa-per-candidati-a-un-posto-di-lavoro.pdf\">Informativa per candidati a un posto di lavoro<\/a><\/p>\n<p><a href=\"https:\/\/www.ofima.ch\/wp-content\/uploads\/2023\/09\/0.1_29_23_V09-2023__Protezione_dati_personali-informativa-per-clienti-fornitori-e-altre-terze-persone.pdf\">Informativa per clienti, fornitori e altre terze persone<\/a><\/p>\n<h5>04. Conferimento dei Dati e conseguenze in caso di mancato conferimento<\/h5>\n<p>Il conferimento dei Dati \u00e8 facoltativo e il loro mancato conferimento comporter\u00e0 l\u2019impossibilit\u00e0 per la Societ\u00e0 di svolgere le attivit\u00e0 funzionali a raggiungere le finalit\u00e0 in questione.<\/p>\n<h5>05. Titolare del trattamento. Responsabili del trattamento<\/h5>\n<p>Il titolare del trattamento dei Dati personali \u00e8 Ofima, con sede legale in Via in Selva 11, 6600 Locarno, maggia@ofima.ch.<br \/>\nL\u2019elenco aggiornato degli eventuali responsabili del trattamento \u00e8 disponibile presso la sede del Titolare.<\/p>\n<h5>06. Destinatari o categorie di destinatari<\/h5>\n<p>I Dati potranno essere resi accessibili, portati a conoscenza di o comunicati ai seguenti soggetti, i quali saranno nominati dal Titolare, a seconda dei casi, quali responsabili o persone autorizzate al trattamento, oppure agiranno quali titolari autonomi:<\/p>\n<ul>\n<li>societ\u00e0 del gruppo di cui fa parte la Societ\u00e0 (controllanti, controllate, collegate), dipendenti e\/o collaboratori a qualsivoglia titolo della Societ\u00e0 e\/o di societ\u00e0 del gruppo di cui fa parte la Societ\u00e0;<\/li>\n<li>soggetti privati, persone fisiche o giuridiche, di cui la Societ\u00e0 si avvalga per lo svolgimento delle attivit\u00e0 strumentali al raggiungimento della finalit\u00e0 di cui sopra o a cui la Societ\u00e0 sia tenuta a comunicare i Dati, in forza di obblighi legali o contrattuali.<\/li>\n<\/ul>\n<p>In ogni caso, i Dati non saranno diffusi.<\/p>\n<h5>07. Periodo di conservazione<\/h5>\n<p>I Dati saranno conservati per un periodo di tempo massimo pari a 24 mesi.<\/p>\n<h5>08. Trasferimento dei Dati a paesi terzi<\/h5>\n<p>I Dati circoleranno solamente in Svizzera, non saranno trasferiti in altri paesi.<\/p>\n<h5>09. Diritti dell\u2019interessato. Diritti di accesso, cancellazione, limitazione e portabilit\u00e0<\/h5>\n<p>Agli interessati sono riconosciuti i diritti di cui agli art. da 15 a 20 del GDPR. A titolo esemplificativo, ciascun interessato potr\u00e0:<\/p>\n<ul>\n<li>ottenere la conferma che sia o meno in corso un trattamento di Dati personali che lo riguardano;<\/li>\n<li>qualora un trattamento sia in corso, ottenere l\u2019accesso ai Dati personali e alle informazioni relative al trattamento nonch\u00e9 richiedere una copia dei Dati personali;<\/li>\n<li>ottenere la rettifica dei Dati personali inesatti e l\u2019integrazione dei Dati personali incompleti;<\/li>\n<li>ottenere, qualora sussista una delle condizioni previste dall\u2019art. 17 del GDPR, la cancellazione dei Dati personali che lo riguardano;<\/li>\n<li>ottenere, nei casi previsti dall\u2019art. 18 del GDPR, la limitazione del trattamento;<\/li>\n<li>qualora sussistano le condizioni previste dall\u2019art. 20 del GDPR, ricevere i Dati personali che lo riguardano in un formato strutturato, di uso comune e leggibile da dispositivo automatico e richiedere la loro trasmissione ad un altro titolare, se tecnicamente fattibile.<\/li>\n<\/ul>\n<h5>10. Diritto di opposizione al trattamento effettuato per legittimo interesse<\/h5>\n<p>Ciascun interessato ha il diritto di opporsi in qualsiasi momento al trattamento dei suoi Dati personali effettuato per il perseguimento di un legittimo interesse della Societ\u00e0. In caso di opposizione, i suoi Dati personali non saranno pi\u00f9 oggetto di trattamento, sempre che non sussistano motivi legittimi per procedere al trattamento che prevalgono sugli interessi, sui diritti e sulle libert\u00e0 dell\u2019interessato oppure per l\u2019accertamento, l\u2019esercizio o la difesa di un diritto in sede giudiziaria.<\/p>\n<h5>11. Diritto di opposizione per finalit\u00e0 di marketing<\/h5>\n<p>Ciascun interessato ha il diritto di opporsi in qualsiasi momento al trattamento dei suoi Dati personali effettuato per finalit\u00e0 di marketing, scrivendo un\u2019e-mail all\u2019indirizzo maggia@ofima.ch. L\u2019opposizione al trattamento esercitata attraverso tali modalit\u00e0 si estende anche all\u2019invio di comunicazioni commerciali a mezzo del servizio postale o di chiamate telefoniche con operatore, fatta salva la possibilit\u00e0 di esercitare tale diritto in parte, opponendosi ad esempio al solo trattamento effettuato mediante sistemi automatizzati di comunicazione.<\/p>\n<h5>12. Diritto di revoca del consenso<\/h5>\n<p>Nel caso in cui sia richiesto il consenso per il trattamento dei Dati personali, ciascun interessato potr\u00e0, altres\u00ec, revocare in qualsiasi momento il consenso gi\u00e0 prestato, senza pregiudicare la liceit\u00e0 del trattamento basata sul consenso prestato prima della revoca. Il consenso pu\u00f2 essere revocato scrivendo un\u2019email all\u2019indirizzo maggia@ofima.ch.<\/p>\n<h5>13. Diritto di proporre reclamo al Garante<\/h5>\n<p>Ciascun interessato potr\u00e0 proporre reclamo al Garante per la Protezione dei Dati Personali nel caso in cui ritenga che siano stati violati i diritti di cui \u00e8 titolare ai sensi del GDPR, secondo le modalit\u00e0 indicate sul sito internet del Garante (IFPDT, Incaricato federale della protezione dei dati e della trasparenza) accessibile all\u2019indirizzo: https:\/\/www.edoeb.admin.ch\/.<\/p>\n<h5>14. Diritti dell\u2019interessato<\/h5>\n<p>I diritti dell\u2019interessato potranno essere esercitati tramite i recapiti di riferimento della Societ\u00e0 sopra indicati.<\/p>\n<h5>15. Cookie policy<\/h5>\n<p><strong>Cosa sono i cookie<br \/>\n<\/strong>Un cookie \u00e8 un file testuale che viene memorizzato su computer, tablet, smartphone e su qualunque dispositivo utilizzato per navigare in Internet, in grado di memorizzare le informazioni di navigazione dell\u2019utente. Alcuni cookies sono utilizzati per rendere la navigazione pi\u00f9 facile, e per personalizzare l\u2019esperienza sul nostro sito web, consentendo il riconoscimento degli utenti all\u2019arrivo sulle nostre pagine.<br \/>\nLa finalit\u00e0 dell\u2019utilizzo dei cookie \u00e8 di personalizzazione dell&#8217;accesso al sito web, ottimizzando la navigazione ed il funzionamento del sito, per il miglioramento dei nostri servizi.<\/p>\n<p><strong>Quali cookie utilizziamo<br \/>\n<\/strong>Per i nostri siti web utilizziamo cookie tecnici proprietari.<br \/>\nQuesti cookie sono fondamentali per il corretto funzionamento dei nostri siti web e per migliorare l\u2019esperienza di navigazione nel sito.<br \/>\nEssi non vengono utilizzati per scopi ulteriori e sono normalmente installati dal titolare o gestore del sito web in modo diretto. Si dividono in cookie di navigazione o di sessione e garantiscono la normale navigazione e fruizione del sito web (permettendo, ad esempio, di realizzare un acquisto o autenticarsi per accedere ad aree riservate).<\/p>\n<p><strong>Conservazione e cancellazione dei cookie<br \/>\n<\/strong>La durata dei cookies \u00e8 varia a seconda della loro tipologia: i cookie di sessione scadono alla chiusura del browser; i cookie persistenti hanno date di scadenza tipiche che, in generale, non superano i 2 anni.<\/p>\n<p>L\u2019utente pu\u00f2 rifiutare l\u2019utilizzo di alcuni cookie utilizzati da questo sito web selezionando, sul proprio browser, le impostazioni che consentono di rifiutarli. Ciascun browser (es. Internet Explorer, Chrome, Firefox, Safari) ha specifiche procedure da seguire per disabilitare i cookie, che possono essere trovate sul sito internet del fornitore del browser.<\/p>\n<h5>16. Modifiche alle informative privacy e cookie<\/h5>\n<p>Ofima si riserva la facolt\u00e0 di apportare delle modifiche alla presenti privacy e cookie policy. L\u2019utente accetta di essere vincolato a tali eventuali e future revisioni e si impegna, pertanto, a visitare periodicamente questa pagina per essere informato su eventuali variazioni.<\/p>\n<p>Documento aggiornato il 21 maggio 2024.[\/vc_column_text][\/vc_column][\/vc_row][vc_row][vc_column]<div class=\"dfd-spacer-module\"  data-units=\"px\" data-wide_resolution=\"1280\" data-wide_size=\"200\" data-normal_resolution=\"1024\" data-normal_size=\"150\" data-tablet_resolution=\"800\" data-tablet_size=\"150\" data-mobile_resolution=\"480\" data-mobile_size=\"120\" style=\"height: 200px;\"><\/div>[\/vc_column][\/vc_row]<\/p>\n<\/div>","protected":false},"excerpt":{"rendered":"<p>[vc_row][vc_column][\/vc_column][\/vc_row][vc_row][vc_column][vc_column_text]Ai sensi della legge federale sulla protezione dei dati (nLPD) e ai sensi dell&#8217;art. 13 del regolamento (UE) N. 679\/2016 (\u201cGDPR\u201d), Officine Idroelettriche della Maggia SA &#8222;Ofima&#8220; (la \u201cSociet\u00e0\u201d o<\/p>\n","protected":false},"author":1,"featured_media":0,"parent":0,"menu_order":0,"comment_status":"closed","ping_status":"closed","template":"page-custom.php","meta":{"inline_featured_image":false,"_monsterinsights_skip_tracking":false,"_monsterinsights_sitenote_active":false,"_monsterinsights_sitenote_note":"","_monsterinsights_sitenote_category":0,"footnotes":""},"class_list":["post-30208","page","type-page","status-publish","hentry"],"yoast_head":"<!-- This site is optimized with the Yoast SEO plugin v26.4 - https:\/\/yoast.com\/wordpress\/plugins\/seo\/ -->\n<title>Privacy policy - Ofima<\/title>\n<meta name=\"description\" content=\"Le Officine Idroelettriche della Maggia SA (Ofima) utilizzano le forze idriche della Maggia e dei suoi affluenti fino al lago Maggiore...\" \/>\n<meta name=\"robots\" content=\"noindex, nofollow\" \/>\n<meta property=\"og:locale\" content=\"de_DE\" \/>\n<meta property=\"og:type\" content=\"article\" \/>\n<meta property=\"og:title\" content=\"Privacy policy - Ofima\" \/>\n<meta property=\"og:description\" content=\"Le Officine Idroelettriche della Maggia SA (Ofima) utilizzano le forze idriche della Maggia e dei suoi affluenti fino al lago Maggiore...\" \/>\n<meta property=\"og:url\" content=\"https:\/\/www.ofima.ch\/de\/privacy-policy\/\" \/>\n<meta property=\"og:site_name\" content=\"Ofima\" \/>\n<meta property=\"article:modified_time\" content=\"2024-05-22T07:21:54+00:00\" \/>\n<meta property=\"og:image\" content=\"https:\/\/www.ofima.ch\/wp-content\/uploads\/2023\/02\/Ofima_officine_idroelettriche_maggia_azienda.jpg\" \/>\n\t<meta property=\"og:image:width\" content=\"1920\" \/>\n\t<meta property=\"og:image:height\" content=\"1450\" \/>\n\t<meta property=\"og:image:type\" content=\"image\/jpeg\" \/>\n<meta name=\"twitter:card\" content=\"summary_large_image\" \/>\n<meta name=\"twitter:label1\" content=\"Gesch\u00e4tzte Lesezeit\" \/>\n\t<meta name=\"twitter:data1\" content=\"7\u00a0Minuten\" \/>\n<script type=\"application\/ld+json\" class=\"yoast-schema-graph\">{\"@context\":\"https:\/\/schema.org\",\"@graph\":[{\"@type\":\"WebPage\",\"@id\":\"https:\/\/www.ofima.ch\/de\/privacy-policy\/\",\"url\":\"https:\/\/www.ofima.ch\/de\/privacy-policy\/\",\"name\":\"Privacy policy - Ofima\",\"isPartOf\":{\"@id\":\"https:\/\/www.ofima.ch\/de\/#website\"},\"datePublished\":\"2023-06-02T09:19:57+00:00\",\"dateModified\":\"2024-05-22T07:21:54+00:00\",\"description\":\"Le Officine Idroelettriche della Maggia SA (Ofima) utilizzano le forze idriche della Maggia e dei suoi affluenti fino al lago Maggiore...\",\"breadcrumb\":{\"@id\":\"https:\/\/www.ofima.ch\/de\/privacy-policy\/#breadcrumb\"},\"inLanguage\":\"de\",\"potentialAction\":[{\"@type\":\"ReadAction\",\"target\":[\"https:\/\/www.ofima.ch\/de\/privacy-policy\/\"]}]},{\"@type\":\"BreadcrumbList\",\"@id\":\"https:\/\/www.ofima.ch\/de\/privacy-policy\/#breadcrumb\",\"itemListElement\":[{\"@type\":\"ListItem\",\"position\":1,\"name\":\"Home\",\"item\":\"https:\/\/www.ofima.ch\/de\/\"},{\"@type\":\"ListItem\",\"position\":2,\"name\":\"Privacy policy\"}]},{\"@type\":\"WebSite\",\"@id\":\"https:\/\/www.ofima.ch\/de\/#website\",\"url\":\"https:\/\/www.ofima.ch\/de\/\",\"name\":\"Ofima\",\"description\":\"Officine Idroelettriche della Maggia SA\",\"potentialAction\":[{\"@type\":\"SearchAction\",\"target\":{\"@type\":\"EntryPoint\",\"urlTemplate\":\"https:\/\/www.ofima.ch\/de\/?s={search_term_string}\"},\"query-input\":{\"@type\":\"PropertyValueSpecification\",\"valueRequired\":true,\"valueName\":\"search_term_string\"}}],\"inLanguage\":\"de\"}]}<\/script>\n<!-- \/ Yoast SEO plugin. -->","yoast_head_json":{"title":"Privacy policy - Ofima","description":"Le Officine Idroelettriche della Maggia SA (Ofima) utilizzano le forze idriche della Maggia e dei suoi affluenti fino al lago Maggiore...","robots":{"index":"noindex","follow":"nofollow"},"og_locale":"de_DE","og_type":"article","og_title":"Privacy policy - Ofima","og_description":"Le Officine Idroelettriche della Maggia SA (Ofima) utilizzano le forze idriche della Maggia e dei suoi affluenti fino al lago Maggiore...","og_url":"https:\/\/www.ofima.ch\/de\/privacy-policy\/","og_site_name":"Ofima","article_modified_time":"2024-05-22T07:21:54+00:00","og_image":[{"width":1920,"height":1450,"url":"https:\/\/www.ofima.ch\/wp-content\/uploads\/2023\/02\/Ofima_officine_idroelettriche_maggia_azienda.jpg","type":"image\/jpeg"}],"twitter_card":"summary_large_image","twitter_misc":{"Gesch\u00e4tzte Lesezeit":"7\u00a0Minuten"},"schema":{"@context":"https:\/\/schema.org","@graph":[{"@type":"WebPage","@id":"https:\/\/www.ofima.ch\/de\/privacy-policy\/","url":"https:\/\/www.ofima.ch\/de\/privacy-policy\/","name":"Privacy policy - Ofima","isPartOf":{"@id":"https:\/\/www.ofima.ch\/de\/#website"},"datePublished":"2023-06-02T09:19:57+00:00","dateModified":"2024-05-22T07:21:54+00:00","description":"Le Officine Idroelettriche della Maggia SA (Ofima) utilizzano le forze idriche della Maggia e dei suoi affluenti fino al lago Maggiore...","breadcrumb":{"@id":"https:\/\/www.ofima.ch\/de\/privacy-policy\/#breadcrumb"},"inLanguage":"de","potentialAction":[{"@type":"ReadAction","target":["https:\/\/www.ofima.ch\/de\/privacy-policy\/"]}]},{"@type":"BreadcrumbList","@id":"https:\/\/www.ofima.ch\/de\/privacy-policy\/#breadcrumb","itemListElement":[{"@type":"ListItem","position":1,"name":"Home","item":"https:\/\/www.ofima.ch\/de\/"},{"@type":"ListItem","position":2,"name":"Privacy policy"}]},{"@type":"WebSite","@id":"https:\/\/www.ofima.ch\/de\/#website","url":"https:\/\/www.ofima.ch\/de\/","name":"Ofima","description":"Officine Idroelettriche della Maggia SA","potentialAction":[{"@type":"SearchAction","target":{"@type":"EntryPoint","urlTemplate":"https:\/\/www.ofima.ch\/de\/?s={search_term_string}"},"query-input":{"@type":"PropertyValueSpecification","valueRequired":true,"valueName":"search_term_string"}}],"inLanguage":"de"}]}},"_links":{"self":[{"href":"https:\/\/www.ofima.ch\/de\/wp-json\/wp\/v2\/pages\/30208","targetHints":{"allow":["GET"]}}],"collection":[{"href":"https:\/\/www.ofima.ch\/de\/wp-json\/wp\/v2\/pages"}],"about":[{"href":"https:\/\/www.ofima.ch\/de\/wp-json\/wp\/v2\/types\/page"}],"author":[{"embeddable":true,"href":"https:\/\/www.ofima.ch\/de\/wp-json\/wp\/v2\/users\/1"}],"replies":[{"embeddable":true,"href":"https:\/\/www.ofima.ch\/de\/wp-json\/wp\/v2\/comments?post=30208"}],"version-history":[{"count":2,"href":"https:\/\/www.ofima.ch\/de\/wp-json\/wp\/v2\/pages\/30208\/revisions"}],"predecessor-version":[{"id":30415,"href":"https:\/\/www.ofima.ch\/de\/wp-json\/wp\/v2\/pages\/30208\/revisions\/30415"}],"wp:attachment":[{"href":"https:\/\/www.ofima.ch\/de\/wp-json\/wp\/v2\/media?parent=30208"}],"curies":[{"name":"wp","href":"https:\/\/api.w.org\/{rel}","templated":true}]}}